{"id":58,"date":"2015-01-23T15:25:01","date_gmt":"2015-01-23T15:25:01","guid":{"rendered":"http:\/\/localhost\/schutz\/wordpress\/?page_id=58"},"modified":"2024-06-20T11:53:08","modified_gmt":"2024-06-20T10:53:08","slug":"equipe-paul-shutz","status":"publish","type":"page","link":"https:\/\/paulschutz.be\/?page_id=58","title":{"rendered":"Equipe  Ets Paul schutz"},"content":{"rendered":"<table id=\"tablepress-1\" class=\"tablepress tablepress-id-1\"><\/table>\n<p>&nbsp;<\/p>\n<table id=\"tablepress-1\" class=\"tablepress tablepress-id-1\" style=\"height: 983px;\" width=\"1393\">\n<tbody class=\"row-hover\">\n<tr class=\"row-1 odd\">\n<td class=\"column-1\"><strong>Direction<\/strong><br \/>\nJean-Pierre Schutz<br \/>\nmail: jean-pierre.schutz@<br \/>\n<a href=\"https:\/\/paulschutz.be\/wp-content\/uploads\/2015\/01\/jp1.jpg\"><img loading=\"lazy\" decoding=\"async\" class=\"alignnone size-medium wp-image-403\" src=\"https:\/\/paulschutz.be\/wp-content\/uploads\/2015\/01\/jp1-241x300.jpg\" alt=\"jp\" width=\"241\" height=\"300\" srcset=\"https:\/\/paulschutz.be\/wp-content\/uploads\/2015\/01\/jp1-241x300.jpg 241w, https:\/\/paulschutz.be\/wp-content\/uploads\/2015\/01\/jp1.jpg 305w\" sizes=\"(max-width: 241px) 100vw, 241px\" \/><\/a><\/td>\n<td class=\"column-2\"><strong>Ressource humaine<\/strong><br \/>\nJosiane Mathelot<br \/>\nmail: josiane.mathelot@<br \/>\n<a href=\"https:\/\/paulschutz.be\/wp-content\/uploads\/2015\/01\/img75031.jpg\"><img loading=\"lazy\" decoding=\"async\" class=\"alignnone size-medium wp-image-376\" src=\"https:\/\/paulschutz.be\/wp-content\/uploads\/2015\/01\/img75031-200x300.jpg\" alt=\"img7503\" width=\"200\" height=\"300\" srcset=\"https:\/\/paulschutz.be\/wp-content\/uploads\/2015\/01\/img75031-200x300.jpg 200w, https:\/\/paulschutz.be\/wp-content\/uploads\/2015\/01\/img75031.jpg 682w\" sizes=\"(max-width: 200px) 100vw, 200px\" \/><\/a><\/td>\n<td class=\"column-3\"><strong>Bureau d&#8217;\u00e9tude<\/strong><br \/>\nFr\u00e9d\u00e9ric Goossens.<br \/>\nmail : bureauetude@<br \/>\n<a href=\"https:\/\/paulschutz.be\/wp-content\/uploads\/2015\/01\/img75111.jpg\"><img loading=\"lazy\" decoding=\"async\" class=\"alignnone size-medium wp-image-392\" src=\"https:\/\/paulschutz.be\/wp-content\/uploads\/2015\/01\/img75111-199x300.jpg\" alt=\"img7511\" width=\"199\" height=\"300\" srcset=\"https:\/\/paulschutz.be\/wp-content\/uploads\/2015\/01\/img75111-199x300.jpg 199w, https:\/\/paulschutz.be\/wp-content\/uploads\/2015\/01\/img75111.jpg 680w\" sizes=\"(max-width: 199px) 100vw, 199px\" \/><\/a><\/td>\n<\/tr>\n<td class=\"column-1\"><strong>Responsable chantiers<\/strong><br \/>\nHerv\u00e9 Dautreloux<br \/>\nmail: herve.dautreloux@<\/td>\n<\/tr>\n<\/tbody>\n<\/table>\n<h2><a name=\"05730a9d160c35d13\"><\/a><\/h2>\n<p>&nbsp;<\/p>\n","protected":false},"excerpt":{"rendered":"<p>&nbsp; Direction Jean-Pierre Schutz mail: jean-pierre.schutz@ Ressource humaine Josiane Mathelot mail: josiane.mathelot@ Bureau d&#8217;\u00e9tude Fr\u00e9d\u00e9ric Goossens. mail : bureauetude@ Responsable chantiers Herv\u00e9 Dautreloux mail: herve.dautreloux@ &nbsp;<\/p>\n","protected":false},"author":1,"featured_media":0,"parent":0,"menu_order":0,"comment_status":"closed","ping_status":"closed","template":"","meta":{"footnotes":""},"_links":{"self":[{"href":"https:\/\/paulschutz.be\/index.php?rest_route=\/wp\/v2\/pages\/58"}],"collection":[{"href":"https:\/\/paulschutz.be\/index.php?rest_route=\/wp\/v2\/pages"}],"about":[{"href":"https:\/\/paulschutz.be\/index.php?rest_route=\/wp\/v2\/types\/page"}],"author":[{"embeddable":true,"href":"https:\/\/paulschutz.be\/index.php?rest_route=\/wp\/v2\/users\/1"}],"replies":[{"embeddable":true,"href":"https:\/\/paulschutz.be\/index.php?rest_route=%2Fwp%2Fv2%2Fcomments&post=58"}],"version-history":[{"count":8,"href":"https:\/\/paulschutz.be\/index.php?rest_route=\/wp\/v2\/pages\/58\/revisions"}],"predecessor-version":[{"id":578,"href":"https:\/\/paulschutz.be\/index.php?rest_route=\/wp\/v2\/pages\/58\/revisions\/578"}],"wp:attachment":[{"href":"https:\/\/paulschutz.be\/index.php?rest_route=%2Fwp%2Fv2%2Fmedia&parent=58"}],"curies":[{"name":"wp","href":"https:\/\/api.w.org\/{rel}","templated":true}]}}