{"id":48,"date":"2015-01-23T15:12:12","date_gmt":"2015-01-23T15:12:12","guid":{"rendered":"http:\/\/localhost\/schutz\/wordpress\/?page_id=48"},"modified":"2015-01-26T14:17:28","modified_gmt":"2015-01-26T13:17:28","slug":"acces","status":"publish","type":"page","link":"https:\/\/paulschutz.be\/?page_id=48","title":{"rendered":"Acc\u00e8s"},"content":{"rendered":"<h2>Ou nous trouver?<\/h2>\n<div class=\"sidepicture\">\n<h3>\u00a0<a href=\"https:\/\/paulschutz.be\/wp-content\/uploads\/2015\/01\/schutzplan.jpg\"><img loading=\"lazy\" decoding=\"async\" class=\" wp-image-502 size-medium alignright\" src=\"https:\/\/paulschutz.be\/wp-content\/uploads\/2015\/01\/schutzplan-300x170.jpg\" alt=\"schutzplan\" width=\"300\" height=\"170\" srcset=\"https:\/\/paulschutz.be\/wp-content\/uploads\/2015\/01\/schutzplan-300x170.jpg 300w, https:\/\/paulschutz.be\/wp-content\/uploads\/2015\/01\/schutzplan.jpg 978w\" sizes=\"(max-width: 300px) 100vw, 300px\" \/><\/a><\/h3>\n<\/div>\n<p>Par route le long de la Meuse , rive gauche.<br \/>\nDirection de Fl\u00e9malle vers Engis<\/p>\n<p>Coordonn\u00e9es G.P.S. 50.583822 5.410702<\/p>\n<div class=\"clearer\"><\/div>\n<h2><a name=\"000001985c0868507\"><\/a>Acc\u00e8s par avion<\/h2>\n<div class=\"sidepicture\"><a href=\"https:\/\/paulschutz.be\/wp-content\/uploads\/2015\/01\/aeroportschutz.jpg\"><img loading=\"lazy\" decoding=\"async\" class=\" size-medium wp-image-501 alignright\" src=\"https:\/\/paulschutz.be\/wp-content\/uploads\/2015\/01\/aeroportschutz-300x253.jpg\" alt=\"aeroportschutz\" width=\"300\" height=\"253\" srcset=\"https:\/\/paulschutz.be\/wp-content\/uploads\/2015\/01\/aeroportschutz-300x253.jpg 300w, https:\/\/paulschutz.be\/wp-content\/uploads\/2015\/01\/aeroportschutz.jpg 670w\" sizes=\"(max-width: 300px) 100vw, 300px\" \/><\/a><\/p>\n<h3><\/h3>\n<\/div>\n<p>A\u00e9roport de Li\u00e8ge se trouve \u00e0 quelques minutes des entreprises<\/p>\n<div class=\"clearer\"><\/div>\n","protected":false},"excerpt":{"rendered":"<p>Ou nous trouver? \u00a0 Par route le long de la Meuse , rive gauche. Direction de Fl\u00e9malle vers Engis Coordonn\u00e9es G.P.S. 50.583822 5.410702 Acc\u00e8s par avion A\u00e9roport de Li\u00e8ge se trouve \u00e0 quelques minutes des entreprises<\/p>\n","protected":false},"author":1,"featured_media":0,"parent":0,"menu_order":0,"comment_status":"closed","ping_status":"closed","template":"","meta":{"footnotes":""},"_links":{"self":[{"href":"https:\/\/paulschutz.be\/index.php?rest_route=\/wp\/v2\/pages\/48"}],"collection":[{"href":"https:\/\/paulschutz.be\/index.php?rest_route=\/wp\/v2\/pages"}],"about":[{"href":"https:\/\/paulschutz.be\/index.php?rest_route=\/wp\/v2\/types\/page"}],"author":[{"embeddable":true,"href":"https:\/\/paulschutz.be\/index.php?rest_route=\/wp\/v2\/users\/1"}],"replies":[{"embeddable":true,"href":"https:\/\/paulschutz.be\/index.php?rest_route=%2Fwp%2Fv2%2Fcomments&post=48"}],"version-history":[{"count":5,"href":"https:\/\/paulschutz.be\/index.php?rest_route=\/wp\/v2\/pages\/48\/revisions"}],"predecessor-version":[{"id":506,"href":"https:\/\/paulschutz.be\/index.php?rest_route=\/wp\/v2\/pages\/48\/revisions\/506"}],"wp:attachment":[{"href":"https:\/\/paulschutz.be\/index.php?rest_route=%2Fwp%2Fv2%2Fmedia&parent=48"}],"curies":[{"name":"wp","href":"https:\/\/api.w.org\/{rel}","templated":true}]}}