{"id":32,"date":"2015-01-23T14:48:51","date_gmt":"2015-01-23T14:48:51","guid":{"rendered":"http:\/\/localhost\/schutz\/wordpress\/?page_id=32"},"modified":"2024-06-20T11:56:47","modified_gmt":"2024-06-20T10:56:47","slug":"agreations","status":"publish","type":"page","link":"https:\/\/paulschutz.be\/?page_id=32","title":{"rendered":"Agr\u00e9ations"},"content":{"rendered":"<h1>Certifications<\/h1>\n<p>La SRL poss\u00e8de les agr\u00e9ations pour le minist\u00e8re des travaux publics:<br \/>\nCat\u00e9gorie D12 &#8211; Classe 1<br \/>\nCat\u00e9gorie F2 &#8211; Classe 2<br \/>\nCat\u00e9gories D4 ; D20 ; D22 &#8211; Classe 5<\/p>\n<p>&nbsp;<\/p>\n","protected":false},"excerpt":{"rendered":"<p>Certifications La SRL poss\u00e8de les agr\u00e9ations pour le minist\u00e8re des travaux publics: Cat\u00e9gorie D12 &#8211; Classe 1 Cat\u00e9gorie F2 &#8211; Classe 2 Cat\u00e9gories D4 ; D20 ; D22 &#8211; Classe 5 &nbsp;<\/p>\n","protected":false},"author":1,"featured_media":0,"parent":0,"menu_order":0,"comment_status":"closed","ping_status":"closed","template":"","meta":{"footnotes":""},"_links":{"self":[{"href":"https:\/\/paulschutz.be\/index.php?rest_route=\/wp\/v2\/pages\/32"}],"collection":[{"href":"https:\/\/paulschutz.be\/index.php?rest_route=\/wp\/v2\/pages"}],"about":[{"href":"https:\/\/paulschutz.be\/index.php?rest_route=\/wp\/v2\/types\/page"}],"author":[{"embeddable":true,"href":"https:\/\/paulschutz.be\/index.php?rest_route=\/wp\/v2\/users\/1"}],"replies":[{"embeddable":true,"href":"https:\/\/paulschutz.be\/index.php?rest_route=%2Fwp%2Fv2%2Fcomments&post=32"}],"version-history":[{"count":1,"href":"https:\/\/paulschutz.be\/index.php?rest_route=\/wp\/v2\/pages\/32\/revisions"}],"predecessor-version":[{"id":585,"href":"https:\/\/paulschutz.be\/index.php?rest_route=\/wp\/v2\/pages\/32\/revisions\/585"}],"wp:attachment":[{"href":"https:\/\/paulschutz.be\/index.php?rest_route=%2Fwp%2Fv2%2Fmedia&parent=32"}],"curies":[{"name":"wp","href":"https:\/\/api.w.org\/{rel}","templated":true}]}}