{"id":179,"date":"2015-01-24T10:42:48","date_gmt":"2015-01-24T10:42:48","guid":{"rendered":"http:\/\/localhost\/schutz\/wordpress\/?page_id=179"},"modified":"2024-06-20T11:53:35","modified_gmt":"2024-06-20T10:53:35","slug":"etbls-paul-schutz-realisations","status":"publish","type":"page","link":"https:\/\/paulschutz.be\/?page_id=179","title":{"rendered":"Ets Paul Schutz R\u00e9alisations"},"content":{"rendered":"<h3><span style=\"text-decoration: underline;\">B\u00e2timents neufs<\/span><\/h3>\n<table class=\"cells\" width=\"100%\" cellspacing=\"2\" cellpadding=\"2\">\n<tbody>\n<tr>\n<td class=\"cell\" align=\"left\" valign=\"top\"><a href=\"https:\/\/paulschutz.be\/wp-content\/uploads\/2015\/01\/googleearthimage5.jpg\"><img loading=\"lazy\" decoding=\"async\" class=\"alignnone size-medium wp-image-124\" src=\"https:\/\/paulschutz.be\/wp-content\/uploads\/2015\/01\/googleearthimage5-300x230.jpg\" alt=\"googleearthimage5\" width=\"300\" height=\"230\" \/><\/a><\/td>\n<td class=\"cell\" align=\"left\" valign=\"top\"><a href=\"https:\/\/paulschutz.be\/wp-content\/uploads\/2015\/01\/perfectygalere0051.jpg\"><img loading=\"lazy\" decoding=\"async\" class=\"alignnone size-medium wp-image-197\" src=\"https:\/\/paulschutz.be\/wp-content\/uploads\/2015\/01\/perfectygalere0051-300x225.jpg\" alt=\"perfectygalere005\" width=\"300\" height=\"225\" \/><\/a><\/td>\n<td class=\"cell\" align=\"left\" valign=\"top\"><a href=\"https:\/\/paulschutz.be\/wp-content\/uploads\/2015\/01\/modele.jpg\"><img loading=\"lazy\" decoding=\"async\" class=\"alignnone size-medium wp-image-128\" src=\"https:\/\/paulschutz.be\/wp-content\/uploads\/2015\/01\/modele-300x152.jpg\" alt=\"Cr\u00e9alys\" width=\"300\" height=\"152\" \/><\/a><\/td>\n<\/tr>\n<tr>\n<td class=\"cell\" align=\"left\" valign=\"top\">Stade du Standard de Li\u00e8ge<\/td>\n<td class=\"cell\" align=\"left\" valign=\"top\">Perfecty<\/td>\n<td class=\"cell\" align=\"left\" valign=\"top\">Crealys<\/td>\n<\/tr>\n<tr>\n<td class=\"cell\" align=\"left\" valign=\"top\"><a href=\"https:\/\/paulschutz.be\/wp-content\/uploads\/2015\/01\/chantierrecyfuel003.jpg\"><img loading=\"lazy\" decoding=\"async\" class=\"alignnone size-medium wp-image-115\" src=\"https:\/\/paulschutz.be\/wp-content\/uploads\/2015\/01\/chantierrecyfuel003-300x225.jpg\" alt=\"chantier recyfuel\" width=\"300\" height=\"225\" \/><\/a><\/td>\n<td class=\"cell\" align=\"left\" valign=\"top\"><a href=\"https:\/\/paulschutz.be\/wp-content\/uploads\/2015\/01\/66recadre9e01petite1.jpg\"><img loading=\"lazy\" decoding=\"async\" class=\"alignnone size-medium wp-image-199\" src=\"https:\/\/paulschutz.be\/wp-content\/uploads\/2015\/01\/66recadre9e01petite1-300x172.jpg\" alt=\"TNT Bierset\" width=\"300\" height=\"172\" \/><\/a><\/td>\n<td class=\"cell\" align=\"left\" valign=\"top\"><a href=\"https:\/\/paulschutz.be\/wp-content\/uploads\/2015\/01\/photoseurogal.jpg\"><img loading=\"lazy\" decoding=\"async\" class=\"alignnone size-medium wp-image-132\" src=\"https:\/\/paulschutz.be\/wp-content\/uploads\/2015\/01\/photoseurogal-300x225.jpg\" alt=\"Eurogal \u00e0 Yvos-ramet\" width=\"300\" height=\"225\" \/><\/a><\/td>\n<\/tr>\n<tr>\n<td class=\"cell\" align=\"left\" valign=\"top\">Recyfuel \u00e0 Engis<\/td>\n<td class=\"cell\" align=\"left\" valign=\"top\">TNT \u00e0 Bierset<\/td>\n<td class=\"cell\" align=\"left\" valign=\"top\">Eurogal \u00e0 Yvoz Ramet<\/td>\n<\/tr>\n<tr>\n<td class=\"cell\" align=\"left\" valign=\"top\"><a href=\"https:\/\/paulschutz.be\/wp-content\/uploads\/2015\/01\/stepsclessin.jpg\"><img loading=\"lazy\" decoding=\"async\" class=\"alignnone size-medium wp-image-200\" src=\"https:\/\/paulschutz.be\/wp-content\/uploads\/2015\/01\/stepsclessin-300x200.jpg\" alt=\"stepsclessin\" width=\"300\" height=\"200\" \/><\/a><\/td>\n<td class=\"cell\" align=\"left\" valign=\"top\"><a href=\"https:\/\/paulschutz.be\/wp-content\/uploads\/2015\/01\/electrabelaye04.jpg\"><img loading=\"lazy\" decoding=\"async\" class=\"alignnone size-medium wp-image-201\" src=\"https:\/\/paulschutz.be\/wp-content\/uploads\/2015\/01\/electrabelaye04-300x225.jpg\" alt=\"Electrabel aye\" width=\"300\" height=\"225\" \/><\/a><\/td>\n<td class=\"cell\" align=\"left\" valign=\"top\"><a href=\"https:\/\/paulschutz.be\/wp-content\/uploads\/2015\/01\/darwin04.jpg\"><img loading=\"lazy\" decoding=\"async\" class=\"alignnone size-medium wp-image-116\" src=\"https:\/\/paulschutz.be\/wp-content\/uploads\/2015\/01\/darwin04-300x225.jpg\" alt=\"Ecole Providence Ciney\" width=\"300\" height=\"225\" \/><\/a><\/td>\n<\/tr>\n<tr>\n<td class=\"cell\" align=\"left\" valign=\"top\">STEP \u00e0 Sclessin<\/td>\n<td class=\"cell\" align=\"left\" valign=\"top\">Electrabel Aye<\/td>\n<td class=\"cell\" align=\"left\" valign=\"top\">Ecole Providence Ciney<\/td>\n<\/tr>\n<tr>\n<td class=\"cell\" align=\"left\" valign=\"top\"><a href=\"https:\/\/paulschutz.be\/wp-content\/uploads\/2015\/01\/img0259.jpg\"><img loading=\"lazy\" decoding=\"async\" class=\"alignnone size-medium wp-image-202\" src=\"https:\/\/paulschutz.be\/wp-content\/uploads\/2015\/01\/img0259-300x225.jpg\" alt=\"img0259\" width=\"300\" height=\"225\" \/><\/a><\/td>\n<td class=\"cell\" align=\"left\" valign=\"top\"><a href=\"https:\/\/paulschutz.be\/wp-content\/uploads\/2015\/01\/googleearthimage4.jpg\"><img loading=\"lazy\" decoding=\"async\" class=\"alignnone size-medium wp-image-123\" src=\"https:\/\/paulschutz.be\/wp-content\/uploads\/2015\/01\/googleearthimage4-300x230.jpg\" alt=\"googleearthimage4\" width=\"300\" height=\"230\" \/><\/a><\/td>\n<td class=\"cell\" align=\"left\" valign=\"top\"><\/td>\n<\/tr>\n<tr>\n<td class=\"cell\" align=\"left\" valign=\"top\">STEP \u00e0 Sclessin<\/td>\n<td class=\"cell\" align=\"left\" valign=\"top\">STEP Sclessin<\/td>\n<td class=\"cell\" align=\"left\" valign=\"top\"><\/td>\n<\/tr>\n<\/tbody>\n<\/table>\n<p>&nbsp;<\/p>\n<h3>R\u00e9novations<\/h3>\n<table class=\"cells\" width=\"100%\" cellspacing=\"2\" cellpadding=\"2\">\n<tbody>\n<tr>\n<td class=\"cell\" align=\"left\" valign=\"top\"><a href=\"https:\/\/paulschutz.be\/wp-content\/uploads\/2015\/01\/bardageelectrabel.jpg\"><img loading=\"lazy\" decoding=\"async\" class=\"alignnone size-medium wp-image-106\" src=\"https:\/\/paulschutz.be\/wp-content\/uploads\/2015\/01\/bardageelectrabel-300x225.jpg\" alt=\"bardageelectrabel\" width=\"300\" height=\"225\" \/><\/a><\/td>\n<td class=\"cell\" align=\"left\" valign=\"top\"><a href=\"https:\/\/paulschutz.be\/wp-content\/uploads\/2015\/01\/magneto2.jpg\"><img loading=\"lazy\" decoding=\"async\" class=\"alignnone size-medium wp-image-127\" src=\"https:\/\/paulschutz.be\/wp-content\/uploads\/2015\/01\/magneto2-300x225.jpg\" alt=\"magneto2\" width=\"300\" height=\"225\" \/><\/a><\/td>\n<td class=\"cell\" align=\"left\" valign=\"top\"><a href=\"https:\/\/paulschutz.be\/wp-content\/uploads\/2015\/01\/mosacierfinchantier009.jpg\"><img loading=\"lazy\" decoding=\"async\" class=\"alignnone size-medium wp-image-129\" src=\"https:\/\/paulschutz.be\/wp-content\/uploads\/2015\/01\/mosacierfinchantier009-300x225.jpg\" alt=\"mosacierfinchantier009\" width=\"300\" height=\"225\" \/><\/a><\/td>\n<\/tr>\n<tr>\n<td class=\"cell\" align=\"left\" valign=\"top\">Electrabel \u00e0 Tihange<\/td>\n<td class=\"cell\" align=\"left\" valign=\"top\">Magneto \u00e0 Jemeppe s\/Meuse<\/td>\n<td class=\"cell\" align=\"left\" valign=\"top\">Mosacier \u00e0 Sclessin<\/td>\n<\/tr>\n<tr>\n<td class=\"cell\" align=\"left\" valign=\"top\"><a href=\"https:\/\/paulschutz.be\/wp-content\/uploads\/2015\/01\/chantierprovidenceciney003.jpg\"><img loading=\"lazy\" decoding=\"async\" class=\"alignnone size-medium wp-image-113\" src=\"https:\/\/paulschutz.be\/wp-content\/uploads\/2015\/01\/chantierprovidenceciney003-300x225.jpg\" alt=\"chantierprovidenceciney003\" width=\"300\" height=\"225\" \/><\/a><\/td>\n<td class=\"cell\" align=\"left\" valign=\"top\"><a href=\"https:\/\/paulschutz.be\/wp-content\/uploads\/2015\/01\/dscn1258.jpg\"><img loading=\"lazy\" decoding=\"async\" class=\"alignnone size-medium wp-image-118\" src=\"https:\/\/paulschutz.be\/wp-content\/uploads\/2015\/01\/dscn1258-300x225.jpg\" alt=\"dscn1258\" width=\"300\" height=\"225\" \/><\/a><\/td>\n<td class=\"cell\" align=\"left\" valign=\"top\"><a href=\"https:\/\/paulschutz.be\/wp-content\/uploads\/2015\/01\/saintnicolas5building2maisons007.jpg\"><img loading=\"lazy\" decoding=\"async\" class=\"alignnone size-medium wp-image-134\" src=\"https:\/\/paulschutz.be\/wp-content\/uploads\/2015\/01\/saintnicolas5building2maisons007-300x225.jpg\" alt=\"saintnicolas5building2maisons007\" width=\"300\" height=\"225\" \/><\/a><\/td>\n<\/tr>\n<tr>\n<td class=\"cell\" align=\"left\" valign=\"top\">Ecole Providence Ciney<\/td>\n<td class=\"cell\" align=\"left\" valign=\"top\">Spa &#8211; Francorchamps<\/td>\n<td class=\"cell\" align=\"left\" valign=\"top\">Saint-Nicolas immeuble<\/td>\n<\/tr>\n<tr>\n<td class=\"cell\" align=\"left\" valign=\"top\"><a href=\"https:\/\/paulschutz.be\/wp-content\/uploads\/2015\/01\/saintnicolasquartierlamay004.jpg\"><img loading=\"lazy\" decoding=\"async\" class=\"alignnone size-medium wp-image-135\" src=\"https:\/\/paulschutz.be\/wp-content\/uploads\/2015\/01\/saintnicolasquartierlamay004-300x225.jpg\" alt=\"saintnicolasquartierlamay004\" width=\"300\" height=\"225\" \/><\/a><\/td>\n<td class=\"cell\" align=\"left\" valign=\"top\"><a href=\"https:\/\/paulschutz.be\/wp-content\/uploads\/2015\/01\/googleearthimage7.jpg\"><img loading=\"lazy\" decoding=\"async\" class=\"alignnone size-medium wp-image-210\" src=\"https:\/\/paulschutz.be\/wp-content\/uploads\/2015\/01\/googleearthimage7-300x230.jpg\" alt=\"googleearthimage7\" width=\"300\" height=\"230\" \/><\/a><\/td>\n<td class=\"cell\" align=\"left\" valign=\"top\"><a href=\"https:\/\/paulschutz.be\/wp-content\/uploads\/2015\/01\/googleearthimage3.jpg\"><img loading=\"lazy\" decoding=\"async\" class=\"alignnone size-medium wp-image-211\" src=\"https:\/\/paulschutz.be\/wp-content\/uploads\/2015\/01\/googleearthimage3-300x230.jpg\" alt=\"googleearthimage3\" width=\"300\" height=\"230\" \/><\/a><\/td>\n<\/tr>\n<tr>\n<td class=\"cell\" align=\"left\" valign=\"top\">Saint- Nicolas Habitations<\/td>\n<td class=\"cell\" align=\"left\" valign=\"top\">Mosacier Sclessin<\/td>\n<td class=\"cell\" align=\"left\" valign=\"top\">Magneto \u00e0 Jemeppe s\/meuse<\/td>\n<\/tr>\n<tr>\n<td class=\"cell\" align=\"left\" valign=\"top\"><a href=\"https:\/\/paulschutz.be\/wp-content\/uploads\/2015\/01\/img0262.jpg\"><img loading=\"lazy\" decoding=\"async\" class=\"alignnone size-medium wp-image-162\" src=\"https:\/\/paulschutz.be\/wp-content\/uploads\/2015\/01\/img0262-300x225.jpg\" alt=\"img0262\" width=\"300\" height=\"225\" \/><\/a><\/td>\n<td class=\"cell\" align=\"left\" valign=\"top\"><\/td>\n<td class=\"cell\" align=\"left\" valign=\"top\"><\/td>\n<\/tr>\n<tr>\n<td class=\"cell\" align=\"left\" valign=\"top\">Mosacier \u00e0 Sclessin<\/td>\n<td class=\"cell\" align=\"left\" valign=\"top\"><\/td>\n<td class=\"cell\" align=\"left\" valign=\"top\"><\/td>\n<\/tr>\n<\/tbody>\n<\/table>\n<p>&nbsp;<\/p>\n<h3><span style=\"text-decoration: underline;\">Travaux sp\u00e9ciaux<\/span><\/h3>\n<table class=\"cells\" width=\"100%\" cellspacing=\"2\" cellpadding=\"2\">\n<tbody>\n<tr>\n<td class=\"cell\" align=\"left\" valign=\"top\"><a href=\"https:\/\/paulschutz.be\/wp-content\/uploads\/2015\/01\/chantierhoteldelasource007.jpg\"><img loading=\"lazy\" decoding=\"async\" class=\"alignnone size-medium wp-image-112\" src=\"https:\/\/paulschutz.be\/wp-content\/uploads\/2015\/01\/chantierhoteldelasource007-300x225.jpg\" alt=\"chantierhoteldelasource007\" width=\"300\" height=\"225\" \/><\/a><\/td>\n<td class=\"cell\" align=\"left\" valign=\"top\"><a href=\"https:\/\/paulschutz.be\/wp-content\/uploads\/2015\/01\/chantierhoteldelasource001.jpg\"><img loading=\"lazy\" decoding=\"async\" class=\"alignnone size-medium wp-image-111\" src=\"https:\/\/paulschutz.be\/wp-content\/uploads\/2015\/01\/chantierhoteldelasource001-225x300.jpg\" alt=\"chantierhoteldelasource001\" width=\"225\" height=\"300\" \/><\/a><\/td>\n<td class=\"cell\" align=\"left\" valign=\"top\"><a href=\"https:\/\/paulschutz.be\/wp-content\/uploads\/2015\/01\/electrabelaye031.jpg\"><img loading=\"lazy\" decoding=\"async\" class=\"alignnone size-medium wp-image-213\" src=\"https:\/\/paulschutz.be\/wp-content\/uploads\/2015\/01\/electrabelaye031-300x225.jpg\" alt=\"electrabelaye03\" width=\"300\" height=\"225\" \/><\/a><\/td>\n<\/tr>\n<tr>\n<td class=\"cell\" align=\"left\" valign=\"top\">Hotel de la source \u00e0 Spa<\/td>\n<td class=\"cell\" align=\"left\" valign=\"top\">\u00a0Hotel de la source<\/td>\n<td class=\"cell\" align=\"left\" valign=\"top\">Electrabel Aye<\/td>\n<\/tr>\n<tr>\n<td class=\"cell\" align=\"left\" valign=\"top\"><a href=\"https:\/\/paulschutz.be\/wp-content\/uploads\/2015\/01\/valstlambert4.jpg\"><img loading=\"lazy\" decoding=\"async\" class=\"alignnone size-medium wp-image-142\" src=\"https:\/\/paulschutz.be\/wp-content\/uploads\/2015\/01\/valstlambert4-300x225.jpg\" alt=\"valstlambert4\" width=\"300\" height=\"225\" \/><\/a><\/td>\n<td class=\"cell\" align=\"left\" valign=\"top\"><\/td>\n<td class=\"cell\" align=\"left\" valign=\"top\"><a href=\"https:\/\/paulschutz.be\/wp-content\/uploads\/2015\/01\/technofuturgosselies.jpg\"><img loading=\"lazy\" decoding=\"async\" class=\"alignnone size-medium wp-image-137\" src=\"https:\/\/paulschutz.be\/wp-content\/uploads\/2015\/01\/technofuturgosselies-300x203.jpg\" alt=\"technofuturgosselies\" width=\"300\" height=\"203\" \/><\/a><\/td>\n<\/tr>\n<tr>\n<td class=\"cell\" align=\"left\" valign=\"top\">Val Saint Lambert Seraing<\/td>\n<td class=\"cell\" align=\"left\" valign=\"top\"><\/td>\n<td class=\"cell\" align=\"left\" valign=\"top\">Technofutur \u00e0 Gosselies<\/td>\n<\/tr>\n<\/tbody>\n<\/table>\n","protected":false},"excerpt":{"rendered":"<p>B\u00e2timents neufs Stade du Standard de Li\u00e8ge Perfecty Crealys Recyfuel \u00e0 Engis TNT \u00e0 Bierset Eurogal \u00e0 Yvoz Ramet STEP \u00e0 Sclessin Electrabel Aye Ecole Providence Ciney STEP \u00e0 Sclessin STEP Sclessin &nbsp; R\u00e9novations Electrabel \u00e0 Tihange Magneto \u00e0 Jemeppe s\/Meuse Mosacier \u00e0 Sclessin Ecole Providence Ciney Spa &#8211; Francorchamps Saint-Nicolas immeuble Saint- Nicolas Habitations [&hellip;]<\/p>\n","protected":false},"author":1,"featured_media":0,"parent":0,"menu_order":0,"comment_status":"closed","ping_status":"closed","template":"","meta":{"footnotes":""},"_links":{"self":[{"href":"https:\/\/paulschutz.be\/index.php?rest_route=\/wp\/v2\/pages\/179"}],"collection":[{"href":"https:\/\/paulschutz.be\/index.php?rest_route=\/wp\/v2\/pages"}],"about":[{"href":"https:\/\/paulschutz.be\/index.php?rest_route=\/wp\/v2\/types\/page"}],"author":[{"embeddable":true,"href":"https:\/\/paulschutz.be\/index.php?rest_route=\/wp\/v2\/users\/1"}],"replies":[{"embeddable":true,"href":"https:\/\/paulschutz.be\/index.php?rest_route=%2Fwp%2Fv2%2Fcomments&post=179"}],"version-history":[{"count":1,"href":"https:\/\/paulschutz.be\/index.php?rest_route=\/wp\/v2\/pages\/179\/revisions"}],"predecessor-version":[{"id":579,"href":"https:\/\/paulschutz.be\/index.php?rest_route=\/wp\/v2\/pages\/179\/revisions\/579"}],"wp:attachment":[{"href":"https:\/\/paulschutz.be\/index.php?rest_route=%2Fwp%2Fv2%2Fmedia&parent=179"}],"curies":[{"name":"wp","href":"https:\/\/api.w.org\/{rel}","templated":true}]}}