{"id":171,"date":"2015-01-24T10:37:22","date_gmt":"2015-01-24T10:37:22","guid":{"rendered":"http:\/\/localhost\/schutz\/wordpress\/?page_id=171"},"modified":"2015-01-24T10:37:22","modified_gmt":"2015-01-24T10:37:22","slug":"references-schutz-metal-product","status":"publish","type":"page","link":"https:\/\/paulschutz.be\/?page_id=171","title":{"rendered":"R\u00e9f\u00e9rences Schutz Metal Product"},"content":{"rendered":"<p><a href=\"https:\/\/paulschutz.be\/wp-content\/uploads\/2015\/01\/dscn1677.jpg\"><img loading=\"lazy\" decoding=\"async\" class=\"alignnone size-medium wp-image-120\" src=\"https:\/\/paulschutz.be\/wp-content\/uploads\/2015\/01\/dscn1677-300x225.jpg\" alt=\"dscn1677\" width=\"300\" height=\"225\" \/><\/a>\u00a0 \u00a0 \u00a0 \u00a0 \u00a0 \u00a0 \u00a0 \u00a0 \u00a0 \u00a0 \u00a0 \u00a0\u00a0 <a href=\"https:\/\/paulschutz.be\/wp-content\/uploads\/2015\/01\/plafondmediacite0041.jpg\"><img loading=\"lazy\" decoding=\"async\" class=\"alignnone size-medium wp-image-184\" src=\"https:\/\/paulschutz.be\/wp-content\/uploads\/2015\/01\/plafondmediacite0041-300x225.jpg\" alt=\"plafondmediacite004\" width=\"300\" height=\"225\" \/><\/a><\/p>\n<p>&nbsp;<\/p>\n<p>Pliage avec pr\u00e9cision \u00a0 \u00a0 \u00a0 \u00a0 \u00a0 \u00a0 \u00a0 \u00a0 \u00a0 \u00a0 \u00a0 \u00a0 \u00a0 \u00a0 \u00a0 \u00a0 \u00a0 \u00a0 \u00a0 \u00a0 \u00a0 \u00a0 \u00a0 \u00a0 \u00a0 \u00a0 \u00a0 \u00a0 \u00a0 \u00a0 \u00a0 \u00a0Plafond M\u00e9diacit\u00e9 Li\u00e8ge<\/p>\n","protected":false},"excerpt":{"rendered":"<p>\u00a0 \u00a0 \u00a0 \u00a0 \u00a0 \u00a0 \u00a0 \u00a0 \u00a0 \u00a0 \u00a0 \u00a0\u00a0 &nbsp; Pliage avec pr\u00e9cision \u00a0 \u00a0 \u00a0 \u00a0 \u00a0 \u00a0 \u00a0 \u00a0 \u00a0 \u00a0 \u00a0 \u00a0 \u00a0 \u00a0 \u00a0 \u00a0 \u00a0 \u00a0 \u00a0 \u00a0 \u00a0 \u00a0 \u00a0 \u00a0 \u00a0 \u00a0 \u00a0 \u00a0 \u00a0 \u00a0 \u00a0 \u00a0Plafond M\u00e9diacit\u00e9 Li\u00e8ge<\/p>\n","protected":false},"author":1,"featured_media":0,"parent":0,"menu_order":0,"comment_status":"closed","ping_status":"closed","template":"","meta":{"footnotes":""},"_links":{"self":[{"href":"https:\/\/paulschutz.be\/index.php?rest_route=\/wp\/v2\/pages\/171"}],"collection":[{"href":"https:\/\/paulschutz.be\/index.php?rest_route=\/wp\/v2\/pages"}],"about":[{"href":"https:\/\/paulschutz.be\/index.php?rest_route=\/wp\/v2\/types\/page"}],"author":[{"embeddable":true,"href":"https:\/\/paulschutz.be\/index.php?rest_route=\/wp\/v2\/users\/1"}],"replies":[{"embeddable":true,"href":"https:\/\/paulschutz.be\/index.php?rest_route=%2Fwp%2Fv2%2Fcomments&post=171"}],"version-history":[{"count":0,"href":"https:\/\/paulschutz.be\/index.php?rest_route=\/wp\/v2\/pages\/171\/revisions"}],"wp:attachment":[{"href":"https:\/\/paulschutz.be\/index.php?rest_route=%2Fwp%2Fv2%2Fmedia&parent=171"}],"curies":[{"name":"wp","href":"https:\/\/api.w.org\/{rel}","templated":true}]}}