{"id":17,"date":"2015-01-23T10:44:20","date_gmt":"2015-01-23T10:44:20","guid":{"rendered":"http:\/\/localhost\/schutz\/wordpress\/?page_id=17"},"modified":"2024-06-20T11:56:27","modified_gmt":"2024-06-20T10:56:27","slug":"jobs","status":"publish","type":"page","link":"https:\/\/paulschutz.be\/?page_id=17","title":{"rendered":"Jobs"},"content":{"rendered":"<h1>Travailler chez nous<\/h1>\n<div class=\"sidepicture\"><\/div>\n<p><b><i>La SRL P. Schutz recherche<\/i><\/b><\/p>\n<p>On recherche m\u00e8treur deviseur pour l&#8217;\u00e9tablissement d&#8217;offres de prix.<br \/>\nExp\u00e9rience dans la fonction indispensable.<br \/>\nLecture de plan sur papier et sous autocad LT 2010 ainsi qu&#8217;utilisation d&#8217;excel et word indispensables.<\/p>\n<p>Dessinateur exp\u00e9riment\u00e9 en construction m\u00e9tallique sur Autocad LT 2010 ,utilisation de Word et Excel.<\/p>\n<p><b><i>Schutz M\u00e9tal Product recherche:<br \/>\n<\/i><\/b><br \/>\nSoudeur exp\u00e9riment\u00e9 connaissant la lecture de plan .<br \/>\nsoudure acier, acier galvanis\u00e9 et aluminium.<\/p>\n<div class=\"clearer\"><\/div>\n<p>&nbsp;<\/p>\n","protected":false},"excerpt":{"rendered":"<p>Travailler chez nous La SRL P. Schutz recherche On recherche m\u00e8treur deviseur pour l&#8217;\u00e9tablissement d&#8217;offres de prix. Exp\u00e9rience dans la fonction indispensable. Lecture de plan sur papier et sous autocad LT 2010 ainsi qu&#8217;utilisation d&#8217;excel et word indispensables. Dessinateur exp\u00e9riment\u00e9 en construction m\u00e9tallique sur Autocad LT 2010 ,utilisation de Word et Excel. Schutz M\u00e9tal Product [&hellip;]<\/p>\n","protected":false},"author":1,"featured_media":0,"parent":0,"menu_order":0,"comment_status":"closed","ping_status":"closed","template":"","meta":{"footnotes":""},"_links":{"self":[{"href":"https:\/\/paulschutz.be\/index.php?rest_route=\/wp\/v2\/pages\/17"}],"collection":[{"href":"https:\/\/paulschutz.be\/index.php?rest_route=\/wp\/v2\/pages"}],"about":[{"href":"https:\/\/paulschutz.be\/index.php?rest_route=\/wp\/v2\/types\/page"}],"author":[{"embeddable":true,"href":"https:\/\/paulschutz.be\/index.php?rest_route=\/wp\/v2\/users\/1"}],"replies":[{"embeddable":true,"href":"https:\/\/paulschutz.be\/index.php?rest_route=%2Fwp%2Fv2%2Fcomments&post=17"}],"version-history":[{"count":1,"href":"https:\/\/paulschutz.be\/index.php?rest_route=\/wp\/v2\/pages\/17\/revisions"}],"predecessor-version":[{"id":584,"href":"https:\/\/paulschutz.be\/index.php?rest_route=\/wp\/v2\/pages\/17\/revisions\/584"}],"wp:attachment":[{"href":"https:\/\/paulschutz.be\/index.php?rest_route=%2Fwp%2Fv2%2Fmedia&parent=17"}],"curies":[{"name":"wp","href":"https:\/\/api.w.org\/{rel}","templated":true}]}}