{"id":166,"date":"2015-01-24T10:33:46","date_gmt":"2015-01-24T10:33:46","guid":{"rendered":"http:\/\/localhost\/schutz\/wordpress\/?page_id=166"},"modified":"2024-06-20T11:54:09","modified_gmt":"2024-06-20T10:54:09","slug":"equipements-etbs-paul-schutz","status":"publish","type":"page","link":"https:\/\/paulschutz.be\/?page_id=166","title":{"rendered":"Equipements Ets Paul Schutz"},"content":{"rendered":"<div id='gallery-1' class='gallery galleryid-166 gallery-columns-3 gallery-size-medium'><figure class='gallery-item'>\n\t\t\t<div class='gallery-icon landscape'>\n\t\t\t\t<a href='https:\/\/paulschutz.be\/wp-content\/uploads\/2015\/01\/intradel06-300x2251.jpg'><img loading=\"lazy\" decoding=\"async\" width=\"300\" height=\"225\" src=\"https:\/\/paulschutz.be\/wp-content\/uploads\/2015\/01\/intradel06-300x2251-300x225.jpg\" class=\"attachment-medium size-medium\" alt=\"\" \/><\/a>\n\t\t\t<\/div><\/figure><figure class='gallery-item'>\n\t\t\t<div class='gallery-icon landscape'>\n\t\t\t\t<a href='https:\/\/paulschutz.be\/wp-content\/uploads\/2015\/01\/chantierrecyfuel001-1024x7681.jpg'><img loading=\"lazy\" decoding=\"async\" width=\"300\" height=\"225\" src=\"https:\/\/paulschutz.be\/wp-content\/uploads\/2015\/01\/chantierrecyfuel001-1024x7681-300x225.jpg\" class=\"attachment-medium size-medium\" alt=\"\" aria-describedby=\"gallery-1-302\" srcset=\"https:\/\/paulschutz.be\/wp-content\/uploads\/2015\/01\/chantierrecyfuel001-1024x7681-300x225.jpg 300w, https:\/\/paulschutz.be\/wp-content\/uploads\/2015\/01\/chantierrecyfuel001-1024x7681.jpg 1024w\" sizes=\"(max-width: 300px) 100vw, 300px\" \/><\/a>\n\t\t\t<\/div>\n\t\t\t\t<figcaption class='wp-caption-text gallery-caption' id='gallery-1-302'>\n\t\t\t\tGrue t\u00e9l\u00e9scopique Grove 50 tonnes avec fl\u00e8che modulable. \n\t\t\t\t<\/figcaption><\/figure><figure class='gallery-item'>\n\t\t\t<div class='gallery-icon landscape'>\n\t\t\t\t<a href='https:\/\/paulschutz.be\/wp-content\/uploads\/2015\/01\/img0262-300x2251.jpg'><img loading=\"lazy\" decoding=\"async\" width=\"300\" height=\"225\" src=\"https:\/\/paulschutz.be\/wp-content\/uploads\/2015\/01\/img0262-300x2251-300x225.jpg\" class=\"attachment-medium size-medium\" alt=\"\" aria-describedby=\"gallery-1-371\" \/><\/a>\n\t\t\t<\/div>\n\t\t\t\t<figcaption class='wp-caption-text gallery-caption' id='gallery-1-371'>\n\t\t\t\tGrue tour sur camion Munster 26m \/20m sous crochet. \n\t\t\t\t<\/figcaption><\/figure><figure class='gallery-item'>\n\t\t\t<div class='gallery-icon landscape'>\n\t\t\t\t<a href='https:\/\/paulschutz.be\/wp-content\/uploads\/2015\/01\/bardageelectrabel1-1024x7681.jpg'><img loading=\"lazy\" decoding=\"async\" width=\"300\" height=\"225\" src=\"https:\/\/paulschutz.be\/wp-content\/uploads\/2015\/01\/bardageelectrabel1-1024x7681-300x225.jpg\" class=\"attachment-medium size-medium\" alt=\"\" srcset=\"https:\/\/paulschutz.be\/wp-content\/uploads\/2015\/01\/bardageelectrabel1-1024x7681-300x225.jpg 300w, https:\/\/paulschutz.be\/wp-content\/uploads\/2015\/01\/bardageelectrabel1-1024x7681.jpg 1024w\" sizes=\"(max-width: 300px) 100vw, 300px\" \/><\/a>\n\t\t\t<\/div><\/figure><figure class='gallery-item'>\n\t\t\t<div class='gallery-icon landscape'>\n\t\t\t\t<a href='https:\/\/paulschutz.be\/wp-content\/uploads\/2015\/01\/photoslidlmersch003-300x2251.jpg'><img loading=\"lazy\" decoding=\"async\" width=\"300\" height=\"225\" src=\"https:\/\/paulschutz.be\/wp-content\/uploads\/2015\/01\/photoslidlmersch003-300x2251-300x225.jpg\" class=\"attachment-medium size-medium\" alt=\"\" aria-describedby=\"gallery-1-439\" \/><\/a>\n\t\t\t<\/div>\n\t\t\t\t<figcaption class='wp-caption-text gallery-caption' id='gallery-1-439'>\n\t\t\t\tNacelles t\u00e9lescopiques \n\t\t\t\t<\/figcaption><\/figure>\n\t\t<\/div>\n\n","protected":false},"excerpt":{"rendered":"","protected":false},"author":1,"featured_media":0,"parent":0,"menu_order":0,"comment_status":"closed","ping_status":"closed","template":"","meta":{"footnotes":""},"_links":{"self":[{"href":"https:\/\/paulschutz.be\/index.php?rest_route=\/wp\/v2\/pages\/166"}],"collection":[{"href":"https:\/\/paulschutz.be\/index.php?rest_route=\/wp\/v2\/pages"}],"about":[{"href":"https:\/\/paulschutz.be\/index.php?rest_route=\/wp\/v2\/types\/page"}],"author":[{"embeddable":true,"href":"https:\/\/paulschutz.be\/index.php?rest_route=\/wp\/v2\/users\/1"}],"replies":[{"embeddable":true,"href":"https:\/\/paulschutz.be\/index.php?rest_route=%2Fwp%2Fv2%2Fcomments&post=166"}],"version-history":[{"count":4,"href":"https:\/\/paulschutz.be\/index.php?rest_route=\/wp\/v2\/pages\/166\/revisions"}],"predecessor-version":[{"id":580,"href":"https:\/\/paulschutz.be\/index.php?rest_route=\/wp\/v2\/pages\/166\/revisions\/580"}],"wp:attachment":[{"href":"https:\/\/paulschutz.be\/index.php?rest_route=%2Fwp%2Fv2%2Fmedia&parent=166"}],"curies":[{"name":"wp","href":"https:\/\/api.w.org\/{rel}","templated":true}]}}