{"id":156,"date":"2015-01-24T08:50:23","date_gmt":"2015-01-24T08:50:23","guid":{"rendered":"http:\/\/localhost\/schutz\/wordpress\/?page_id=156"},"modified":"2015-01-24T08:50:23","modified_gmt":"2015-01-24T08:50:23","slug":"produits-schutz-metal-product","status":"publish","type":"page","link":"https:\/\/paulschutz.be\/?page_id=156","title":{"rendered":"Produits Schutz Metal Product"},"content":{"rendered":"<h2><span style=\"text-decoration: underline;\">Parach\u00e8vement b\u00e2timents<\/span><\/h2>\n<p>Stock de t\u00f4les planes pr\u00e9laqu\u00e9es ( 40 couleurs en standard) au format de 5000 x 1220 mm, \u00e9paisseur 0, 75 mm<br \/>\ngalvanis\u00e9es format 6000 x 1500 \u00e9paisseur de 1 \u00e0 4 mm;<br \/>\nAlu format 6000 \u00e0 1500 mm \u00e9paisseur de 1 \u00e0 3 mm.<br \/>\nInox, acier corten et cuivre sur commande .<br \/>\nTous solins de parach\u00e8vement pour b\u00e2timent m\u00e9tallique.<br \/>\nProfil\u00e9s pli\u00e9s pour la construction m\u00e9tallique ( Z, C, U ).<br \/>\nPetite ossature m\u00e9tallique ( auvent, etc,&#8230;) .<br \/>\nCassettes de fa\u00e7ades en Alu, Acier et alucobond.<br \/>\nToutes pi\u00e8ces particuli\u00e8res sur base des plans des clients.<br \/>\nFa\u00e7onnage de vos produits dans nos ateliers.<\/p>\n","protected":false},"excerpt":{"rendered":"<p>Parach\u00e8vement b\u00e2timents Stock de t\u00f4les planes pr\u00e9laqu\u00e9es ( 40 couleurs en standard) au format de 5000 x 1220 mm, \u00e9paisseur 0, 75 mm galvanis\u00e9es format 6000 x 1500 \u00e9paisseur de 1 \u00e0 4 mm; Alu format 6000 \u00e0 1500 mm \u00e9paisseur de 1 \u00e0 3 mm. Inox, acier corten et cuivre sur commande . Tous [&hellip;]<\/p>\n","protected":false},"author":1,"featured_media":0,"parent":0,"menu_order":0,"comment_status":"closed","ping_status":"closed","template":"","meta":{"footnotes":""},"_links":{"self":[{"href":"https:\/\/paulschutz.be\/index.php?rest_route=\/wp\/v2\/pages\/156"}],"collection":[{"href":"https:\/\/paulschutz.be\/index.php?rest_route=\/wp\/v2\/pages"}],"about":[{"href":"https:\/\/paulschutz.be\/index.php?rest_route=\/wp\/v2\/types\/page"}],"author":[{"embeddable":true,"href":"https:\/\/paulschutz.be\/index.php?rest_route=\/wp\/v2\/users\/1"}],"replies":[{"embeddable":true,"href":"https:\/\/paulschutz.be\/index.php?rest_route=%2Fwp%2Fv2%2Fcomments&post=156"}],"version-history":[{"count":0,"href":"https:\/\/paulschutz.be\/index.php?rest_route=\/wp\/v2\/pages\/156\/revisions"}],"wp:attachment":[{"href":"https:\/\/paulschutz.be\/index.php?rest_route=%2Fwp%2Fv2%2Fmedia&parent=156"}],"curies":[{"name":"wp","href":"https:\/\/api.w.org\/{rel}","templated":true}]}}