{"id":148,"date":"2015-01-23T16:59:05","date_gmt":"2015-01-23T16:59:05","guid":{"rendered":"http:\/\/localhost\/schutz\/wordpress\/?page_id=148"},"modified":"2024-06-20T11:49:39","modified_gmt":"2024-06-20T10:49:39","slug":"equipement-schutz-metal-product","status":"publish","type":"page","link":"https:\/\/paulschutz.be\/?page_id=148","title":{"rendered":"Equipements Schutz M\u00e9tal Product"},"content":{"rendered":"<header class=\"entry-header\">\n<h1 class=\"entry-title\"><\/h1>\n<\/header>\n<div class=\"entry-content\">\n<table id=\"tablepress-3\" class=\"tablepress tablepress-id-3\">\n<caption>\u00a0<\/caption>\n<tbody class=\"row-hover\">\n<tr class=\"row-1 odd\">\n<td class=\"column-1\">Cisaille CNC 5050 x4 longueur t\u00f4le 5000 mm, \u00e9paisseur acier 4 mm et inox 2 mm<a href=\"https:\/\/paulschutz.be\/wp-content\/uploads\/2015\/01\/11120844-300x2251.jpg\"><img loading=\"lazy\" decoding=\"async\" class=\"alignnone size-medium wp-image-217\" src=\"https:\/\/paulschutz.be\/wp-content\/uploads\/2015\/01\/11120844-300x2251-300x225.jpg\" alt=\"11120844-300x225\" width=\"300\" height=\"225\" \/><\/a><\/td>\n<td class=\"column-2\">Presse plieuse LVD , CNC, 220 tonnes ; longueur pliage 5000 mm. Perforation en ligne pour acier jusqu&#8217;\u00e0 6 mm \u00e9paisseur.<a href=\"https:\/\/paulschutz.be\/wp-content\/uploads\/2015\/01\/111208461.jpg\"><img loading=\"lazy\" decoding=\"async\" class=\"alignnone size-medium wp-image-219\" src=\"https:\/\/paulschutz.be\/wp-content\/uploads\/2015\/01\/111208461-300x225.jpg\" alt=\"11120846\" width=\"300\" height=\"225\" srcset=\"https:\/\/paulschutz.be\/wp-content\/uploads\/2015\/01\/111208461-300x225.jpg 300w, https:\/\/paulschutz.be\/wp-content\/uploads\/2015\/01\/111208461.jpg 1024w\" sizes=\"(max-width: 300px) 100vw, 300px\" \/><\/a><\/td>\n<td class=\"column-3\">Presse plieuse LVD , CNC , 250 Tonnes, longueur pliage 6000 mm et \u00e9paisseur jusqu&#8217;\u00e0 8mm.<a href=\"https:\/\/paulschutz.be\/wp-content\/uploads\/2015\/01\/111208471.jpg\"><img loading=\"lazy\" decoding=\"async\" class=\"alignnone size-medium wp-image-223\" src=\"https:\/\/paulschutz.be\/wp-content\/uploads\/2015\/01\/111208471-300x225.jpg\" alt=\"11120847\" width=\"300\" height=\"225\" srcset=\"https:\/\/paulschutz.be\/wp-content\/uploads\/2015\/01\/111208471-300x225.jpg 300w, https:\/\/paulschutz.be\/wp-content\/uploads\/2015\/01\/111208471.jpg 1024w\" sizes=\"(max-width: 300px) 100vw, 300px\" \/><\/a><\/td>\n<\/tr>\n<tr class=\"row-2 even\">\n<td class=\"column-1\">Cisaille LVD longueur 6100 mm \u00e9paisseur acier 8 mm, Inox 4 mm<a href=\"https:\/\/paulschutz.be\/wp-content\/uploads\/2015\/01\/11120852-1024x7681.jpg\"><img loading=\"lazy\" decoding=\"async\" class=\"alignnone size-medium wp-image-234\" src=\"https:\/\/paulschutz.be\/wp-content\/uploads\/2015\/01\/11120852-1024x7681-300x225.jpg\" alt=\"11120852-1024x768\" width=\"300\" height=\"225\" srcset=\"https:\/\/paulschutz.be\/wp-content\/uploads\/2015\/01\/11120852-1024x7681-300x225.jpg 300w, https:\/\/paulschutz.be\/wp-content\/uploads\/2015\/01\/11120852-1024x7681.jpg 1024w\" sizes=\"(max-width: 300px) 100vw, 300px\" \/><\/a><\/td>\n<td class=\"column-2\">Presse plieuse LVD 320 tonnes , CNC , Longueur 6000 mm \u00e9paisseur 8 mm. Zoning d&#8217;Engis .<a href=\"https:\/\/paulschutz.be\/wp-content\/uploads\/2015\/01\/machine22.jpg\"><img loading=\"lazy\" decoding=\"async\" class=\"alignnone size-medium wp-image-515\" src=\"https:\/\/paulschutz.be\/wp-content\/uploads\/2015\/01\/machine22-300x225.jpg\" alt=\"machine2\" width=\"300\" height=\"225\" srcset=\"https:\/\/paulschutz.be\/wp-content\/uploads\/2015\/01\/machine22-300x225.jpg 300w, https:\/\/paulschutz.be\/wp-content\/uploads\/2015\/01\/machine22.jpg 640w\" sizes=\"(max-width: 300px) 100vw, 300px\" \/><\/a><\/td>\n<td class=\"column-3\">Assemblage<a href=\"https:\/\/paulschutz.be\/wp-content\/uploads\/2015\/01\/111208541.jpg\"><img loading=\"lazy\" decoding=\"async\" class=\" size-medium wp-image-239 alignright\" src=\"https:\/\/paulschutz.be\/wp-content\/uploads\/2015\/01\/111208541-300x225.jpg\" alt=\"11120854\" width=\"300\" height=\"225\" srcset=\"https:\/\/paulschutz.be\/wp-content\/uploads\/2015\/01\/111208541-300x225.jpg 300w, https:\/\/paulschutz.be\/wp-content\/uploads\/2015\/01\/111208541.jpg 1024w\" sizes=\"(max-width: 300px) 100vw, 300px\" \/><\/a><\/td>\n<\/tr>\n<tr class=\"row-3 odd\">\n<td class=\"column-1\">Banc de sciage jusqu&#8217;a 300 mmde section.<a href=\"https:\/\/paulschutz.be\/wp-content\/uploads\/2015\/01\/111208551.jpg\"><img loading=\"lazy\" decoding=\"async\" class=\"alignnone size-medium wp-image-243\" src=\"https:\/\/paulschutz.be\/wp-content\/uploads\/2015\/01\/111208551-225x300.jpg\" alt=\"11120855\" width=\"225\" height=\"300\" srcset=\"https:\/\/paulschutz.be\/wp-content\/uploads\/2015\/01\/111208551-225x300.jpg 225w, https:\/\/paulschutz.be\/wp-content\/uploads\/2015\/01\/111208551.jpg 768w\" sizes=\"(max-width: 225px) 100vw, 225px\" \/><\/a><\/td>\n<td class=\"column-2\">L&#8217;atelier avec coin soudure<a href=\"https:\/\/paulschutz.be\/wp-content\/uploads\/2015\/01\/111208561.jpg\"><img loading=\"lazy\" decoding=\"async\" class=\"alignnone size-medium wp-image-247\" src=\"https:\/\/paulschutz.be\/wp-content\/uploads\/2015\/01\/111208561-300x225.jpg\" alt=\"11120856\" width=\"300\" height=\"225\" srcset=\"https:\/\/paulschutz.be\/wp-content\/uploads\/2015\/01\/111208561-300x225.jpg 300w, https:\/\/paulschutz.be\/wp-content\/uploads\/2015\/01\/111208561.jpg 1024w\" sizes=\"(max-width: 300px) 100vw, 300px\" \/><\/a><\/td>\n<td class=\"column-3\"><a href=\"https:\/\/paulschutz.be\/wp-content\/uploads\/2015\/01\/11120853-150x1501.jpg\"><img loading=\"lazy\" decoding=\"async\" class=\"  wp-image-236 alignright\" src=\"https:\/\/paulschutz.be\/wp-content\/uploads\/2015\/01\/11120853-150x1501.jpg\" alt=\"11120853-150x150\" width=\"296\" height=\"296\" \/><\/a><\/td>\n<\/tr>\n<\/tbody>\n<\/table>\n<\/div>\n","protected":false},"excerpt":{"rendered":"<p>\u00a0 Cisaille CNC 5050 x4 longueur t\u00f4le 5000 mm, \u00e9paisseur acier 4 mm et inox 2 mm Presse plieuse LVD , CNC, 220 tonnes ; longueur pliage 5000 mm. Perforation en ligne pour acier jusqu&#8217;\u00e0 6 mm \u00e9paisseur. Presse plieuse LVD , CNC , 250 Tonnes, longueur pliage 6000 mm et \u00e9paisseur jusqu&#8217;\u00e0 8mm. Cisaille [&hellip;]<\/p>\n","protected":false},"author":1,"featured_media":0,"parent":0,"menu_order":0,"comment_status":"closed","ping_status":"closed","template":"","meta":{"footnotes":""},"_links":{"self":[{"href":"https:\/\/paulschutz.be\/index.php?rest_route=\/wp\/v2\/pages\/148"}],"collection":[{"href":"https:\/\/paulschutz.be\/index.php?rest_route=\/wp\/v2\/pages"}],"about":[{"href":"https:\/\/paulschutz.be\/index.php?rest_route=\/wp\/v2\/types\/page"}],"author":[{"embeddable":true,"href":"https:\/\/paulschutz.be\/index.php?rest_route=\/wp\/v2\/users\/1"}],"replies":[{"embeddable":true,"href":"https:\/\/paulschutz.be\/index.php?rest_route=%2Fwp%2Fv2%2Fcomments&post=148"}],"version-history":[{"count":7,"href":"https:\/\/paulschutz.be\/index.php?rest_route=\/wp\/v2\/pages\/148\/revisions"}],"predecessor-version":[{"id":576,"href":"https:\/\/paulschutz.be\/index.php?rest_route=\/wp\/v2\/pages\/148\/revisions\/576"}],"wp:attachment":[{"href":"https:\/\/paulschutz.be\/index.php?rest_route=%2Fwp%2Fv2%2Fmedia&parent=148"}],"curies":[{"name":"wp","href":"https:\/\/api.w.org\/{rel}","templated":true}]}}