{"id":11,"date":"2015-01-23T10:07:19","date_gmt":"2015-01-23T10:07:19","guid":{"rendered":"http:\/\/localhost\/schutz\/wordpress\/?page_id=11"},"modified":"2024-06-20T11:48:14","modified_gmt":"2024-06-20T10:48:14","slug":"bienvenue","status":"publish","type":"page","link":"https:\/\/paulschutz.be\/","title":{"rendered":"Bienvenue"},"content":{"rendered":"<p>Depuis 1913, les entreprises Paul Schutz existent et se sont sp\u00e9cialis\u00e9es d\u00e8s 1968 en deux d\u00e9partements pour tout ce qui concerne la construction m\u00e9tallique et couverture de b\u00e2timents neufs ou \u00e0 r\u00e9nover.<br \/>\nElles offrent des services dans un esprit de qualit\u00e9, et de satisfactions de nos clients.<\/p>\n<p>Bienvenue et merci de votre visite <span style=\"text-decoration: underline;\"><strong>Veuillez cliquer sur le sigle qui vous int\u00e9resse<\/strong><\/span>.<\/p>\n<table class=\"cells\" style=\"height: 237px;\" width=\"1397\" cellspacing=\"2\" cellpadding=\"2\">\n<tbody>\n<tr>\n<td class=\"cell\" align=\"left\" valign=\"top\"><a title=\"Schutz M\u00e9tal Product S.A\" href=\"https:\/?page_id=8\">Schutz M\u00e9tal Product S.A.<\/a><\/td>\n<td class=\"cell\" align=\"left\" valign=\"top\">T.V.A. 0440.174.419<\/td>\n<td class=\"cell\" align=\"left\" valign=\"top\"><a title=\"Etbs Paul Schutz\" href=\"https:\/?page_id=7\">Ets P.Schutz SRL<\/a><\/td>\n<td class=\"cell\" align=\"left\" valign=\"top\">T.V.A. 0413.941.560<\/td>\n<\/tr>\n<tr>\n<td class=\"cell\" align=\"left\" valign=\"top\"><a title=\"Schutz M\u00e9tal Product S.A\" href=\"https:\/?page_id=8\"><img loading=\"lazy\" decoding=\"async\" class=\"alignnone wp-image-495\" src=\"https:\/\/paulschutz.be\/wp-content\/uploads\/2015\/01\/pschutz-300x300.jpg\" alt=\"pschutz\" width=\"191\" height=\"191\" srcset=\"https:\/\/paulschutz.be\/wp-content\/uploads\/2015\/01\/pschutz-300x300.jpg 300w, https:\/\/paulschutz.be\/wp-content\/uploads\/2015\/01\/pschutz-150x150.jpg 150w, https:\/\/paulschutz.be\/wp-content\/uploads\/2015\/01\/pschutz.jpg 610w\" sizes=\"(max-width: 191px) 100vw, 191px\" \/><\/a><\/td>\n<td class=\"cell\" align=\"left\" valign=\"top\">Rue Vin\u00e2ve, 31<br \/>\n4480 Engis<br \/>\nT\u00e9l: 04\/275.10.11<br \/>\nE-mail:<a href=\"mailto:info@\" target=\"_blank\" rel=\"noopener\">info@<\/a><br \/>\nFax: 04\/275.05.05<br \/>\nActivit\u00e9: pliage, cisaillage, soudure et per\u00e7age de t\u00f4les<\/td>\n<td class=\"cell\" align=\"left\" valign=\"top\"><a title=\"Etbs Paul Schutz\" href=\"https:\/?page_id=7\"><img loading=\"lazy\" decoding=\"async\" class=\"alignnone wp-image-496\" src=\"https:\/\/paulschutz.be\/wp-content\/uploads\/2015\/01\/pschutz002-262x300.jpg\" alt=\"pschutz002\" width=\"171\" height=\"196\" srcset=\"https:\/\/paulschutz.be\/wp-content\/uploads\/2015\/01\/pschutz002-262x300.jpg 262w, https:\/\/paulschutz.be\/wp-content\/uploads\/2015\/01\/pschutz002.jpg 405w\" sizes=\"(max-width: 171px) 100vw, 171px\" \/><\/a><\/td>\n<td class=\"cell\" align=\"left\" valign=\"top\">Rue Vin\u00e2ve, 29<br \/>\n4480 Engis<br \/>\nT\u00e9l: 04\/275.10.11<br \/>\nE-mail:<a href=\"mailto:info@\" target=\"_blank\" rel=\"noopener\">info@<\/a><br \/>\nFax:04\/275.05.05<br \/>\nActivit\u00e9: Rev\u00eatement m\u00e9tallique industriel, isolation thermique et acoustique<\/td>\n<\/tr>\n<\/tbody>\n<\/table>\n","protected":false},"excerpt":{"rendered":"<p>Depuis 1913, les entreprises Paul Schutz existent et se sont sp\u00e9cialis\u00e9es d\u00e8s 1968 en deux d\u00e9partements pour tout ce qui concerne la construction m\u00e9tallique et couverture de b\u00e2timents neufs ou \u00e0 r\u00e9nover. Elles offrent des services dans un esprit de qualit\u00e9, et de satisfactions de nos clients. Bienvenue et merci de votre visite Veuillez cliquer [&hellip;]<\/p>\n","protected":false},"author":1,"featured_media":0,"parent":0,"menu_order":0,"comment_status":"closed","ping_status":"closed","template":"","meta":{"footnotes":""},"_links":{"self":[{"href":"https:\/\/paulschutz.be\/index.php?rest_route=\/wp\/v2\/pages\/11"}],"collection":[{"href":"https:\/\/paulschutz.be\/index.php?rest_route=\/wp\/v2\/pages"}],"about":[{"href":"https:\/\/paulschutz.be\/index.php?rest_route=\/wp\/v2\/types\/page"}],"author":[{"embeddable":true,"href":"https:\/\/paulschutz.be\/index.php?rest_route=\/wp\/v2\/users\/1"}],"replies":[{"embeddable":true,"href":"https:\/\/paulschutz.be\/index.php?rest_route=%2Fwp%2Fv2%2Fcomments&post=11"}],"version-history":[{"count":6,"href":"https:\/\/paulschutz.be\/index.php?rest_route=\/wp\/v2\/pages\/11\/revisions"}],"predecessor-version":[{"id":574,"href":"https:\/\/paulschutz.be\/index.php?rest_route=\/wp\/v2\/pages\/11\/revisions\/574"}],"wp:attachment":[{"href":"https:\/\/paulschutz.be\/index.php?rest_route=%2Fwp%2Fv2%2Fmedia&parent=11"}],"curies":[{"name":"wp","href":"https:\/\/api.w.org\/{rel}","templated":true}]}}